{"id":885,"date":"2016-04-24T19:45:46","date_gmt":"2016-04-24T19:45:46","guid":{"rendered":"http:\/\/www.mksite.es\/index.php\/experiencia-2-copy-2\/"},"modified":"2016-05-01T22:07:32","modified_gmt":"2016-05-01T21:07:32","slug":"servicios","status":"publish","type":"page","link":"https:\/\/www.mksite.es\/index.php\/servicios\/","title":{"rendered":"Servicios"},"content":{"rendered":"<p>[vc_row full_width=&#8221;yes&#8221; just_pattern=&#8221;no&#8221; el_id=&#8221;home&#8221;][vc_column]\n\t<div class=\"home_image\">\n\t\t<div class=\"just_pattern\"><\/div>\n\t\t<div class=\"parallax-home\" style=\"background-image: url('https:\/\/www.mksite.es\/wp-content\/uploads\/image\/5-1.jpg');\" ><\/div>\t\t\n\t\t<div class=\"small-text\">NUESTROS<\/div>\t\n\t\t<div class=\"big-text\"><span class=\"big-text-neon\">SERVICIOS<\/span><\/div>\t\n\t\t<div class=\"cl-effect btn btn-white\"><a href=\"#servicios\" title=\"saber m\u00e1s\" target=\"_self\" data-gal=\"m_PageScroll2id\" data-ps2id-offset=\"65\"><span data-hover=\"saber m\u00e1s\">saber m\u00e1s<\/span><\/a><\/div>\t<\/div>\n\t<script type=\"text\/javascript\">\n\t\t(function($) { \"use strict\";\n\t\t\tvar textHolder = document.getElementsByClassName('big-text-neon')[0],\n\t\t\t  text = textHolder.innerHTML,\n\t\t\t\tchars = text.length,\n\t\t\t\tnewText = '',\n\t\t\t\ti;\t\n\n\t\t\tfor (i = 0; i < chars; i += 1) {\n\t\t\t\tnewText += '<i>' + text.charAt(i) + '<\/i>';\n\t\t\t}\n\n\t\t\ttextHolder.innerHTML = newText;\n\t\t\tvar letters = document.getElementsByTagName('i'),\n\t\t\t\tflickers = [5, 7, 9, 11, 13, 15, 17],\n\t\t\t\trandomLetter,\n\t\t\t\tflickerNumber,\n\t\t\t\tcounter;\n\t\t\tfunction randomFromInterval(from,to) {\n\t\t\t\treturn Math.floor(Math.random()*(to-from+1)+from);\n\t\t\t}\n\n\t\t\tfunction hasClass(element, cls) {\n\t\t\t\treturn (' ' + element.className + ' ').indexOf(' ' + cls + ' ') > -1;\n\t\t\t}\n\n\t\t\tfunction flicker() {\t\t\n\t\t\t\tcounter += 1;\n\t\t\t\t\n\t\t\t\tif (counter === flickerNumber) {\n\t\t\t\t\treturn;\n\t\t\t\t}\n\n\t\t\t\tsetTimeout(function () {\n\t\t\t\t\tif(hasClass(randomLetter, 'off')) {\n\t\t\t\t\t\trandomLetter.className = '';\n\t\t\t\t\t}\n\t\t\t\t\telse {\n\t\t\t\t\t\trandomLetter.className = 'off';\n\t\t\t\t\t}\n\n\t\t\t\t\tflicker();\n\t\t\t\t}, 30);\n\t\t\t}\n\n\t\t\t(function loop() {\n\t\t\t\tvar rand = randomFromInterval(300,1800);\n\n\t\t\t\trandomLetter = randomFromInterval(0, 7);\n\t\t\t\trandomLetter = letters[randomLetter];\n\t\t\t\t\n\t\t\t\tflickerNumber = randomFromInterval(0, 7);\n\t\t\t\tflickerNumber = flickers[flickerNumber];\n\n\t\t\t\tsetTimeout(function() {\n\t\t\t\t\t\tcounter = 0;\n\t\t\t\t\t\tflicker();\n\t\t\t\t\t\tloop();  \n\t\t\t\t}, rand);\n\t\t\t}());\n\t\t})(jQuery);\n\t\t<\/script>\t\n\n[\/vc_column][\/vc_row][vc_row css=&#8221;.vc_custom_1460581886507{padding-top: 60px !important;padding-bottom: 30px !important;background-color: #ffffff !important;}&#8221; el_id=&#8221;servicios&#8221;][vc_column]\t\n\t<h3 style=\"text-align: center;\" > Trabajamos para hacerte la vida m\u00e1s f\u00e1cil.<\/h3>\t\n[\/vc_column][vc_column width=&#8221;1\/2&#8243; column_effect=&#8221;bottommove&#8221; time=&#8221;1&#8243; distance=&#8221;150&#8243;][vc_icon icon_fontawesome=&#8221;fa fa-suitcase&#8221; color=&#8221;custom&#8221; size=&#8221;xl&#8221; align=&#8221;center&#8221; custom_color=&#8221;#ff9400&#8243; link=&#8221;url:%23consultoria-comercial|title:Consultor%C3%ADa%20Comercial|&#8221;][vc_column_text]<\/p>\n<h6 style=\"text-align: center;\"><span style=\"color: #000000;\"><strong><a style=\"color: #000000;\" href=\"#consultoria-comercial\">CONSULTOR\u00cdA COMERCIAL<\/a><\/strong><\/span><\/h6>\n<p>[\/vc_column_text][vc_icon icon_fontawesome=&#8221;fa fa-eye&#8221; color=&#8221;custom&#8221; size=&#8221;xl&#8221; align=&#8221;center&#8221; custom_color=&#8221;#ff9400&#8243; link=&#8221;url:%23publicidad-integral||&#8221;][vc_column_text]<\/p>\n<h6 style=\"text-align: center;\"><span style=\"color: #000000;\"><strong><a style=\"color: #000000;\" href=\"#publicidad-integral\">Publicidad Integral<\/a><\/strong><\/span><\/h6>\n<p>[\/vc_column_text][vc_icon icon_fontawesome=&#8221;fa fa-graduation-cap&#8221; color=&#8221;custom&#8221; size=&#8221;xl&#8221; align=&#8221;center&#8221; custom_color=&#8221;#ff9400&#8243; link=&#8221;url:%23formacion||&#8221;][vc_column_text]<\/p>\n<h6 style=\"text-align: center;\"><span style=\"color: #000000;\"><strong><a style=\"color: #000000;\" href=\"#formaci\u00f3n\">FORMACI\u00d3N<\/a><\/strong><\/span><\/h6>\n<p>[\/vc_column_text][vc_empty_space][\/vc_column][vc_column width=&#8221;1\/2&#8243; column_effect=&#8221;bottommove&#8221; time=&#8221;1&#8243; distance=&#8221;150&#8243;][vc_icon icon_fontawesome=&#8221;fa fa-bullseye&#8221; color=&#8221;custom&#8221; size=&#8221;xl&#8221; align=&#8221;center&#8221; custom_color=&#8221;#ff9400&#8243; link=&#8221;url:%23consultoria-de-investigacion-y-marketing||&#8221;][vc_column_text]<\/p>\n<h6 style=\"text-align: center;\"><a href=\"#consultoria-de-investigacion-y-marketing\"><span style=\"color: #000000;\"><strong>CONSULTOR\u00cdA DE INVESTIGACI\u00d3N Y MARKETING<\/strong><\/span><\/a><\/h6>\n<p>[\/vc_column_text][vc_icon icon_fontawesome=&#8221;fa fa-comments&#8221; color=&#8221;custom&#8221; size=&#8221;xl&#8221; align=&#8221;center&#8221; custom_color=&#8221;#ff9400&#8243; link=&#8221;url:%23comunicacion||&#8221;][vc_column_text]<\/p>\n<h6 style=\"text-align: center;\"><span style=\"color: #000000;\"><strong><a style=\"color: #000000;\" href=\"#comunicacion\">COMUNICACI\u00d3N<\/a><\/strong><\/span><\/h6>\n<p>[\/vc_column_text][vc_icon icon_fontawesome=&#8221;fa fa-star&#8221; color=&#8221;custom&#8221; size=&#8221;xl&#8221; align=&#8221;center&#8221; custom_color=&#8221;#ff9400&#8243; link=&#8221;url:%23eventos||&#8221;][vc_column_text]<\/p>\n<h6 style=\"text-align: center;\"><span style=\"color: #000000;\"><strong><a style=\"color: #000000;\" href=\"#eventos\">EVENTOS<\/a><\/strong><\/span><\/h6>\n<p>[\/vc_column_text][vc_empty_space][\/vc_column][\/vc_row][vc_row el_id=&#8221;consultoria-comercial&#8221;][vc_column column_effect=&#8221;bottommove&#8221; time=&#8221;1&#8243; distance=&#8221;150&#8243;]\n\t<div class=\" service-box\">\n        <i class=\"fa fa-briefcase fa-3x\"><\/i>\n        <div class=\"service-title\">\n            <h5>Cosultor\u00eda Comercial<\/h5>\n        <\/div>\n        <p>Nuestro equipo cuenta con una dilatada experiencia con clientes de diferentes sectores: Seguros, Banca, Telefon\u00eda, etc.<br \/>\nTrabajamos estrechamente con nuestros clientes aportando soluciones en todo el proceso comercial: definici\u00f3n y planificaci\u00f3n comercial, selecci\u00f3n del equipo, implantaci\u00f3n y seguimiento del proceso hasta su total implantaaci\u00f3n.<br \/>\nPorque tus ventas, son nuestra ventas.<\/p>\n    <\/div>\n\n[\/vc_column][\/vc_row][vc_row css=&#8221;.vc_custom_1460915665282{background-color: #ffffff !important;}&#8221; el_id=&#8221;consultoria-de-investigacion-y-marketing&#8221;][vc_column column_effect=&#8221;bottommove&#8221; time=&#8221;1&#8243; distance=&#8221;150&#8243;]\n\t<div class=\" service-box\">\n        <i class=\"fa fa-bullseye fa-3x\"><\/i>\n        <div class=\"service-title\">\n            <h5>Consultor\u00eda de Investigaci\u00f3n y Marketing<\/h5>\n        <\/div>\n        <p>Desarrollamos estudios tanto a medida del cliente como sectoriales. Nuestro objetivo es detectar huecos de mercado, \u201coc\u00e9anos azules\u201d, tendencias de consumo, actitudes de consumidores, mejoras en el proceso de relaci\u00f3n con el cliente y mucho m\u00e1s.<br \/>\nNos involucramos en todo el proceso de implantaci\u00f3n y desarrollo del proyecto hasta el final.<br \/>\nPorque tus objetivos, son nuestros objetivos.<\/p>\n    <\/div>\n\n[\/vc_column][\/vc_row][vc_row el_id=&#8221;publicidad-integral&#8221;][vc_column column_effect=&#8221;bottommove&#8221; time=&#8221;1&#8243; distance=&#8221;150&#8243;]\n\t<div class=\" service-box\">\n        <i class=\"fa fa-eye fa-3x\"><\/i>\n        <div class=\"service-title\">\n            <h5>Publicidad Integral<\/h5>\n        <\/div>\n        <p>Nuestro objetivo es establecer una personalidad de marca potente y creemos que las marcas fuertes, son fuertes desde el momento de su nacimiento. Por eso te ayudamos desde la definici\u00f3n de los valores y el posicionamiento de tu marca hasta en su creatividad e implantaci\u00f3n en los medios, tanto<br \/>\ntradicionales como digitales.<br \/>\nPorque tu marca, es nuestra marca<\/p>\n    <\/div>\n\n[\/vc_column][\/vc_row][vc_row el_id=&#8221;comunicacion&#8221; css=&#8221;.vc_custom_1460916510938{background-color: #ffffff !important;}&#8221;][vc_column column_effect=&#8221;bottommove&#8221; time=&#8221;1&#8243; distance=&#8221;150&#8243;]\n\t<div class=\" service-box\">\n        <i class=\"fa fa-comments fa-3x\"><\/i>\n        <div class=\"service-title\">\n            <h5>Comunicaci\u00f3n<\/h5>\n        <\/div>\n        <p>Si tu marca no comunica, otros lo har\u00e1n por ti. Por eso, en un mundo tan globalizado y digital, la comunicaci\u00f3n es fundamental para las marcas modernas. Y no solo en situaci\u00f3n de crisis.<br \/>\nNuestro equipo te ayudar\u00e1 a mejorar y orientar la comunicaci\u00f3n global de tu marca.<br \/>\nEstamos tan convencidos de la necesidad de comunicar que por eso hemos creado canales especializados de comunicaci\u00f3n digital como Seguros TV y El Economista Seguros.<br \/>\nPorque tu marca, es nuestra marca.<\/p>\n    <\/div>\n\n[\/vc_column][\/vc_row][vc_row el_id=&#8221;formacion&#8221;][vc_column column_effect=&#8221;bottommove&#8221; time=&#8221;1&#8243; distance=&#8221;150&#8243;]\n\t<div class=\" service-box\">\n        <i class=\"fa fa-graduation-cap fa-3x\"><\/i>\n        <div class=\"service-title\">\n            <h5>Formaci\u00f3n<\/h5>\n        <\/div>\n        <p>Desarrollamos programas formativos en las \u00e1reas de comercial, marketing y RR.HH. tanto en acciones a la medida como en ponencias integradas en programas de terceros, participaci\u00f3n en convenciones comerciales o eventos de marketing. Nuestros profesionales participan varias veces al a\u00f1o en este tipo de actividades y est\u00e1n reconocidos por su experiencia y profesionalidad. En el \u00faltimo a\u00f1o hemos formado a m\u00e1s de 500 personas en los diferentes programas.<\/p>\n    <\/div>\n\n[\/vc_column][\/vc_row][vc_row el_id=&#8221;eventos&#8221; css=&#8221;.vc_custom_1460915907557{background-color: #ffffff !important;}&#8221;][vc_column column_effect=&#8221;bottommove&#8221; time=&#8221;1&#8243; distance=&#8221;150&#8243;]\n\t<div class=\" service-box\">\n        <i class=\"fa fa-star fa-3x\"><\/i>\n        <div class=\"service-title\">\n            <h5>Eventos<\/h5>\n        <\/div>\n        <p>Durante muchos a\u00f1os hemos desarrollado nuestra actividad en Congresos, Conferencias, Convenciones, Incentivos y todo tipo de.<br \/>\nAlgunos ejemplos son:<\/p>\n<p>\u2013 Encuentro Anual de Marketing del sector asegurador con nueve ediciones.<br \/>\n\u2013 Premios de Marketing y Comunicaci\u00f3n en seguros con seis ediciones.<br \/>\n\u2013 Cumbre Mediterr\u00e1nea de Mediaci\u00f3n y Seguros de Vida con tres ediciones.<br \/>\n\u2013 Eventos 2.0 como Eats & Twitts (networking con m\u00e1s de 55 eventos en siete a\u00f1os).<br \/>\n\u2013 Grupo de Marketing Asegurador en LinkedIn con m\u00e1s de 2.100 miembros.<\/p>\n<p>Y adem\u00e1s, nos encargamos de todo: log\u00edstica, contenidos y ponentes.<br \/>\nPorque tu visibilidad, es nuestra visibilidad<\/p>\n    <\/div>\n\n[\/vc_column][\/vc_row][vc_row][vc_column][vc_empty_space height=&#8221;50px&#8221;][\/vc_column][\/vc_row]<\/p>\n","protected":false},"excerpt":{"rendered":"<p>[vc_row full_width=&#8221;yes&#8221; just_pattern=&#8221;no&#8221; el_id=&#8221;home&#8221;][vc_column][\/vc_column][\/vc_row][vc_row css=&#8221;.vc_custom_1460581886507{padding-top: 60px !important;padding-bottom: 30px !important;background-color: #ffffff !important;}&#8221; el_id=&#8221;servicios&#8221;][vc_column][\/vc_column][vc_column width=&#8221;1\/2&#8243; column_effect=&#8221;bottommove&#8221; time=&#8221;1&#8243; distance=&#8221;150&#8243;][vc_icon icon_fontawesome=&#8221;fa fa-suitcase&#8221; color=&#8221;custom&#8221; size=&#8221;xl&#8221; align=&#8221;center&#8221; custom_color=&#8221;#ff9400&#8243; link=&#8221;url:%23consultoria-comercial|title:Consultor%C3%ADa%20Comercial|&#8221;][vc_column_text] CONSULTOR\u00cdA COMERCIAL [\/vc_column_text][vc_icon icon_fontawesome=&#8221;fa fa-eye&#8221; color=&#8221;custom&#8221; size=&#8221;xl&#8221; align=&#8221;center&#8221; custom_color=&#8221;#ff9400&#8243; link=&#8221;url:%23publicidad-integral||&#8221;][vc_column_text] Publicidad Integral [\/vc_column_text][vc_icon icon_fontawesome=&#8221;fa fa-graduation-cap&#8221; color=&#8221;custom&#8221; size=&#8221;xl&#8221; align=&#8221;center&#8221; custom_color=&#8221;#ff9400&#8243; link=&#8221;url:%23formacion||&#8221;][vc_column_text] FORMACI\u00d3N [\/vc_column_text][vc_empty_space][\/vc_column][vc_column width=&#8221;1\/2&#8243; column_effect=&#8221;bottommove&#8221; time=&#8221;1&#8243; distance=&#8221;150&#8243;][vc_icon icon_fontawesome=&#8221;fa fa-bullseye&#8221; color=&#8221;custom&#8221; size=&#8221;xl&#8221; align=&#8221;center&#8221; custom_color=&#8221;#ff9400&#8243; [&hellip;]<\/p>\n","protected":false},"author":2,"featured_media":0,"parent":0,"menu_order":0,"comment_status":"closed","ping_status":"closed","template":"page-templates\/template-canvas.php","meta":{"footnotes":""},"class_list":["post-885","page","type-page","status-publish","hentry"],"_links":{"self":[{"href":"https:\/\/www.mksite.es\/index.php\/wp-json\/wp\/v2\/pages\/885","targetHints":{"allow":["GET"]}}],"collection":[{"href":"https:\/\/www.mksite.es\/index.php\/wp-json\/wp\/v2\/pages"}],"about":[{"href":"https:\/\/www.mksite.es\/index.php\/wp-json\/wp\/v2\/types\/page"}],"author":[{"embeddable":true,"href":"https:\/\/www.mksite.es\/index.php\/wp-json\/wp\/v2\/users\/2"}],"replies":[{"embeddable":true,"href":"https:\/\/www.mksite.es\/index.php\/wp-json\/wp\/v2\/comments?post=885"}],"version-history":[{"count":0,"href":"https:\/\/www.mksite.es\/index.php\/wp-json\/wp\/v2\/pages\/885\/revisions"}],"wp:attachment":[{"href":"https:\/\/www.mksite.es\/index.php\/wp-json\/wp\/v2\/media?parent=885"}],"curies":[{"name":"wp","href":"https:\/\/api.w.org\/{rel}","templated":true}]}}