{"id":638,"date":"2015-11-17T10:40:27","date_gmt":"2015-11-17T10:40:27","guid":{"rendered":"http:\/\/demo.vegatheme.com\/hera\/?page_id=638"},"modified":"2018-10-01T19:23:08","modified_gmt":"2018-10-01T18:23:08","slug":"experiencia","status":"publish","type":"page","link":"https:\/\/www.mksite.es\/index.php\/experiencia\/","title":{"rendered":"Experiencia"},"content":{"rendered":"<p>[vc_row full_width=&#8221;yes&#8221; el_id=&#8221;home&#8221;][vc_column]\n\t<div class=\"home_html5video\">\n\t\t<div class=\"just_pattern\"><\/div>\n\t\t<video id=\"video_background\" preload=\"auto\" autoplay=\"true\" loop=\"loop\" muted=\"muted\" volume=\"0\" poster=\"\"> \n\t\t\t<source src=\"http:\/\/1001.graphics\/wp-content\/uploads\/2018\/03\/video.webm\" type=\"video\/webm\"> \t\t\t<source src=\"http:\/\/1001.graphics\/wp-content\/uploads\/2018\/03\/video.mp4\" type=\"video\/mp4\"> \t\t\t<source src=\"http:\/\/1001.graphics\/wp-content\/uploads\/2018\/03\/video.ogg\" type=\"video\/ogg\"> \n\t\t<\/video>\t\t\t\t\n\t\t<div class=\"small-text\">NUESTRA<\/div>\t\n\t\t<div class=\"big-text\"><span class=\"big-text-neon\">EXPERIENCIA<\/span><\/div>\t\n\t\t<div class=\"cl-effect btn btn-white\"><a href=\"#experiencia\" title=\"saber m\u00e1s\" target=\"_self\" data-gal=\"m_PageScroll2id\" data-ps2id-offset=\"65\"><span data-hover=\"saber m\u00e1s\">saber m\u00e1s<\/span><\/a><\/div>\t<\/div>\n\t<script type=\"text\/javascript\">\n\t\t(function($) { \"use strict\";\n\t\t\tvar textHolder = document.getElementsByClassName('big-text-neon')[0],\n\t\t\t  text = textHolder.innerHTML,\n\t\t\t\tchars = text.length,\n\t\t\t\tnewText = '',\n\t\t\t\ti;\t\n\n\t\t\tfor (i = 0; i < chars; i += 1) {\n\t\t\t\tnewText += '<i>' + text.charAt(i) + '<\/i>';\n\t\t\t}\n\n\t\t\ttextHolder.innerHTML = newText;\n\t\t\tvar letters = document.getElementsByTagName('i'),\n\t\t\t\tflickers = [5, 7, 9, 11, 13, 15, 17],\n\t\t\t\trandomLetter,\n\t\t\t\tflickerNumber,\n\t\t\t\tcounter;\n\t\t\tfunction randomFromInterval(from,to) {\n\t\t\t\treturn Math.floor(Math.random()*(to-from+1)+from);\n\t\t\t}\n\n\t\t\tfunction hasClass(element, cls) {\n\t\t\t\treturn (' ' + element.className + ' ').indexOf(' ' + cls + ' ') > -1;\n\t\t\t}\n\n\t\t\tfunction flicker() {\t\t\n\t\t\t\tcounter += 1;\n\t\t\t\t\n\t\t\t\tif (counter === flickerNumber) {\n\t\t\t\t\treturn;\n\t\t\t\t}\n\n\t\t\t\tsetTimeout(function () {\n\t\t\t\t\tif(hasClass(randomLetter, 'off')) {\n\t\t\t\t\t\trandomLetter.className = '';\n\t\t\t\t\t}\n\t\t\t\t\telse {\n\t\t\t\t\t\trandomLetter.className = 'off';\n\t\t\t\t\t}\n\n\t\t\t\t\tflicker();\n\t\t\t\t}, 30);\n\t\t\t}\n\n\t\t\t(function loop() {\n\t\t\t\tvar rand = randomFromInterval(300,1800);\n\n\t\t\t\trandomLetter = randomFromInterval(0, 7);\n\t\t\t\trandomLetter = letters[randomLetter];\n\t\t\t\t\n\t\t\t\tflickerNumber = randomFromInterval(0, 7);\n\t\t\t\tflickerNumber = flickers[flickerNumber];\n\n\t\t\t\tsetTimeout(function() {\n\t\t\t\t\t\tcounter = 0;\n\t\t\t\t\t\tflicker();\n\t\t\t\t\t\tloop();  \n\t\t\t\t}, rand);\n\t\t\t}());\n\t\t})(jQuery);\n\t<\/script>\t\n\n[\/vc_column][\/vc_row][vc_row css=&#8221;.vc_custom_1452877515411{padding-top: 60px !important;padding-bottom: 60px !important;}&#8221; el_id=&#8221;experiencia&#8221;][vc_column column_effect=&#8221;topmove&#8221; time=&#8221;1&#8243; distance=&#8221;150&#8243;]\t\n\t<h2 style=\"text-align: center;\" > Experiencia<\/h2>\t\n[vc_empty_space height=&#8221;20px&#8221;]\t\n\t<div style=\"text-align: center;\" > ``LA EXPERIENCIA NO ES LO QUE TE SUCEDE, SINO LO QUE HACES CON LO QUE TE SUCEDE.`` ALDOUS HUXLEY<\/div>\t\n[vc_empty_space]\t\n\t<div style=\"text-align: center;\" > Experimentar y analizar lo sucedido, convertirlo en experiencia y ser capaces de transmitirlo.<\/div>\t\n\t\n\t<div style=\"text-align: center;\" > As\u00ed trabajamos, aunando experiencias en equipo para el beneficio de nuestros clientes, todos y cada uno de los profesionales que participan y colaboran en Marketing Site cumplen con esos principios. Con\u00f3cenos personalmente y te convencer\u00e1s, adem\u00e1s de ser f\u00e1cil no te costar\u00e1 nada.<\/div>\t\n[\/vc_column][\/vc_row][vc_row css=&#8221;.vc_custom_1447681814262{padding-top: 60px !important;padding-bottom: 60px !important;background-color: #ffffff !important;}&#8221;][vc_column column_effect=&#8221;topmove&#8221; time=&#8221;1&#8243; distance=&#8221;150&#8243;]\t\n\t<h2 style=\"text-align: center;\" > NUESTRO EQUIPO<\/h2>\t\n[vc_column_text el_class=&#8221;uper-text align-center&#8221; css=&#8221;.vc_custom_1456421439493{padding-top: 25px !important;padding-bottom: 30px !important;}&#8221;]DESCUBRE LAS PERSONAS QUE TRABAJAMOS PARA TI.[\/vc_column_text][\/vc_column][\/vc_row][vc_row][vc_column width=&#8221;1\/4&#8243;]\n\t<div class=\"team\">\n\t\t<article>\n\t\t\t<img decoding=\"async\" src=\"https:\/\/www.mksite.es\/wp-content\/uploads\/image\/IMG-4202-e1538417318246.jpg\" alt=\"RAM\u00d3N ALBIOL\"\/>\n\t\t\t<h6>RAM\u00d3N ALBIOL<\/h6>\n\t\t\t<p><span>Fundador \/ Dir. General<\/span><\/p>\n\t\t\t<p><\/p>\n\t\t\t<div class=\"social-team\">\n\t\t\t\t<ul class=\"list-social\">\n\t\t\t\t\t\t\t\t\t\t\t<li class=\"icon-soc tipped tipper-attached\" data-title=\"twitter\"  data-tipper-options='{\"direction\":\"top\",\"follow\":\"true\"}'>\n\t\t\t\t\t\t\t<a href=\"http:\/\/es.linkedin.com\/in\/ramonalbiol\" target=\"_blank\"><i class=\"fa fa-twitter\"><\/i><\/a>\t\t\t\t\t\t<\/li>\n\t\t\t\t\t\t\t\t\t\t\t\t\t\t\t\t<li class=\"icon-soc tipped tipper-attached\" data-title=\"linkedin\"  data-tipper-options='{\"direction\":\"top\",\"follow\":\"true\"}'>\n\t\t\t\t\t\t\t<a href=\"http:\/\/es.linkedin.com\/in\/ramonalbiol\" target=\"_blank\"><i class=\"fa fa-linkedin\"><\/i><\/a>\t\t\t\t\t\t<\/li>\n\t\t\t\t\t\t\t\t\t\t\t\t\t\t\t\t<li class=\"icon-soc tipped tipper-attached\" data-title=\"eye\"  data-tipper-options='{\"direction\":\"top\",\"follow\":\"true\"}'>\n\t\t\t\t\t\t\t<a href=\"http:\/\/about.me\/ralbiol\" target=\"_blank\"><i class=\"fa fa-eye\"><\/i><\/a>\t\t\t\t\t\t<\/li>\n\t\t\t\t\t\t\t\t\t\t\t\t\t\t\t\t<li class=\"icon-soc tipped tipper-attached\" data-tipper-options='{\"direction\":\"top\",\"follow\":\"true\"}' data-title=\"wordpress\">\n\t\t\t\t\t\t\t<a href=\"http:\/\/rafsite.wordpress.com\" target=\"_blank\"><i class=\"fa fa-wordpress\"><\/i><\/a>\t\t\t\t\t\t<\/li>\n\t\t\t\t\t\t\t\t\t<\/ul>\t\n\t\t\t<\/div>\t\t\t\t\t\t\n\t\t<\/article>\n\t<\/div>\t\t\n\n[\/vc_column][vc_column width=&#8221;1\/4&#8243;]\n\t<div class=\"team\">\n\t\t<article>\n\t\t\t<img decoding=\"async\" src=\"https:\/\/www.mksite.es\/wp-content\/uploads\/image\/manuel1.jpg\" alt=\"MANUEL VERDURA\"\/>\n\t\t\t<h6>MANUEL VERDURA<\/h6>\n\t\t\t<p><span>Advertising Strategy<\/span><\/p>\n\t\t\t<p><\/p>\n\t\t\t<div class=\"social-team\">\n\t\t\t\t<ul class=\"list-social\">\n\t\t\t\t\t\t\t\t\t\t\t<li class=\"icon-soc tipped tipper-attached\" data-title=\"twitter\"  data-tipper-options='{\"direction\":\"top\",\"follow\":\"true\"}'>\n\t\t\t\t\t\t\t<a href=\"https:\/\/twitter.com\/mverdura?lang=es\" target=\"_blank\"><i class=\"fa fa-twitter\"><\/i><\/a>\t\t\t\t\t\t<\/li>\n\t\t\t\t\t\t\t\t\t\t\t\t\t\t\t\t<li class=\"icon-soc tipped tipper-attached\" data-title=\"linkedin\"  data-tipper-options='{\"direction\":\"top\",\"follow\":\"true\"}'>\n\t\t\t\t\t\t\t<a href=\"https:\/\/es.linkedin.com\/in\/manuel-verdura-2b2b77b\" target=\"_blank\"><i class=\"fa fa-linkedin\"><\/i><\/a>\t\t\t\t\t\t<\/li>\n\t\t\t\t\t\t\t\t\t\t\t\t\t\t\t\t<li class=\"icon-soc tipped tipper-attached\" data-title=\"github\"  data-tipper-options='{\"direction\":\"top\",\"follow\":\"true\"}'>\n\t\t\t\t\t\t\t<a href=\"http:\/\/blog.anuncios.com\/el-reboteador\/\" target=\"_blank\"><i class=\"fa fa-github\"><\/i><\/a>\t\t\t\t\t\t<\/li>\n\t\t\t\t\t\t\t\t\t\t\t\t\t\t<\/ul>\t\n\t\t\t<\/div>\t\t\t\t\t\t\n\t\t<\/article>\n\t<\/div>\t\t\n\n[\/vc_column][vc_column width=&#8221;1\/4&#8243;]\n\t<div class=\"team\">\n\t\t<article>\n\t\t\t<img decoding=\"async\" src=\"https:\/\/www.mksite.es\/wp-content\/uploads\/image\/japalma.png\" alt=\"JUAN PALMA\"\/>\n\t\t\t<h6>JUAN PALMA<\/h6>\n\t\t\t<p><span>Dir. Nuevas Tecnolog\u00edas e Innovaci\u00f3n<\/span><\/p>\n\t\t\t<p><\/p>\n\t\t\t<div class=\"social-team\">\n\t\t\t\t<ul class=\"list-social\">\n\t\t\t\t\t\t\t\t\t\t\t<li class=\"icon-soc tipped tipper-attached\" data-title=\"twitter\"  data-tipper-options='{\"direction\":\"top\",\"follow\":\"true\"}'>\n\t\t\t\t\t\t\t<a href=\"https:\/\/twitter.com\/Japalma2009\" target=\"_blank\"><i class=\"fa fa-twitter\"><\/i><\/a>\t\t\t\t\t\t<\/li>\n\t\t\t\t\t\t\t\t\t\t\t\t\t\t\t\t<li class=\"icon-soc tipped tipper-attached\" data-title=\"linkedin\"  data-tipper-options='{\"direction\":\"top\",\"follow\":\"true\"}'>\n\t\t\t\t\t\t\t<a href=\"https:\/\/www.linkedin.com\/in\/japalma\" target=\"_blank\"><i class=\"fa fa-linkedin\"><\/i><\/a>\t\t\t\t\t\t<\/li>\n\t\t\t\t\t\t\t\t\t\t\t\t\t\t\t\t\t\t\t<\/ul>\t\n\t\t\t<\/div>\t\t\t\t\t\t\n\t\t<\/article>\n\t<\/div>\t\t\n\n[\/vc_column][vc_column width=&#8221;1\/4&#8243;]\n\t<div class=\"team\">\n\t\t<article>\n\t\t\t<img decoding=\"async\" src=\"https:\/\/www.mksite.es\/wp-content\/uploads\/image\/davidalb.jpg\" alt=\"David Albardonedo\"\/>\n\t\t\t<h6>David Albardonedo<\/h6>\n\t\t\t<p><span>Dir. Creativo<\/span><\/p>\n\t\t\t<p><\/p>\n\t\t\t<div class=\"social-team\">\n\t\t\t\t<ul class=\"list-social\">\n\t\t\t\t\t\t\t\t\t\t\t<li class=\"icon-soc tipped tipper-attached\" data-title=\"flash\"  data-tipper-options='{\"direction\":\"top\",\"follow\":\"true\"}'>\n\t\t\t\t\t\t\t<a href=\"http:\/\/albardonedo.me\" target=\"_blank\"><i class=\"fa fa-flash\"><\/i><\/a>\t\t\t\t\t\t<\/li>\n\t\t\t\t\t\t\t\t\t\t\t\t\t\t\t\t\t\t\t\t\t\t\t\t<\/ul>\t\n\t\t\t<\/div>\t\t\t\t\t\t\n\t\t<\/article>\n\t<\/div>\t\t\n\n[\/vc_column][\/vc_row][vc_row][vc_column width=&#8221;1\/4&#8243;]\n\t<div class=\"team\">\n\t\t<article>\n\t\t\t<img decoding=\"async\" src=\"https:\/\/www.mksite.es\/wp-content\/uploads\/image\/IMG_1783-e1538417678288.jpeg\" alt=\"Anita Alvarez Cufari\"\/>\n\t\t\t<h6>Anita Alvarez Cufari<\/h6>\n\t\t\t<p><span>Dir. Contenidos Digitales<\/span><\/p>\n\t\t\t<p><\/p>\n\t\t\t<div class=\"social-team\">\n\t\t\t\t<ul class=\"list-social\">\n\t\t\t\t\t\t\t\t\t\t\t<li class=\"icon-soc tipped tipper-attached\" data-title=\"flash\"  data-tipper-options='{\"direction\":\"top\",\"follow\":\"true\"}'>\n\t\t\t\t\t\t\t<a href=\"http:\/\/www.anitaideas.com\" target=\"_blank\"><i class=\"fa fa-flash\"><\/i><\/a>\t\t\t\t\t\t<\/li>\n\t\t\t\t\t\t\t\t\t\t\t\t\t\t\t\t<li class=\"icon-soc tipped tipper-attached\" data-title=\"twitter\"  data-tipper-options='{\"direction\":\"top\",\"follow\":\"true\"}'>\n\t\t\t\t\t\t\t<a href=\"https:\/\/twitter.com\/anitaideas\" target=\"_blank\"><i class=\"fa fa-twitter\"><\/i><\/a>\t\t\t\t\t\t<\/li>\n\t\t\t\t\t\t\t\t\t\t\t\t\t\t\t\t<li class=\"icon-soc tipped tipper-attached\" data-title=\"linkedin\"  data-tipper-options='{\"direction\":\"top\",\"follow\":\"true\"}'>\n\t\t\t\t\t\t\t<a href=\"https:\/\/www.linkedin.com\/in\/anitaalvarezcufari\/\" target=\"_blank\"><i class=\"fa fa-linkedin\"><\/i><\/a>\t\t\t\t\t\t<\/li>\n\t\t\t\t\t\t\t\t\t\t\t\t\t\t<\/ul>\t\n\t\t\t<\/div>\t\t\t\t\t\t\n\t\t<\/article>\n\t<\/div>\t\t\n\n[\/vc_column][vc_column width=&#8221;1\/4&#8243;][\/vc_column][vc_column width=&#8221;1\/4&#8243;][\/vc_column][vc_column width=&#8221;1\/4&#8243;][\/vc_column][\/vc_row][vc_row parallax=&#8221;content-moving&#8221; parallax_image=&#8221;560&#8243; css=&#8221;.vc_custom_1447681904433{padding-top: 100px !important;padding-bottom: 100px !important;background-color: #ffffff !important;}&#8221; el_id=&#8221;facts&#8221;][vc_column width=&#8221;1\/4&#8243;]\t\n\t<div class=\"facts-wrap\">\n\t\t<div class=\"facts-wrap-num\"><span class=\"counter\">56<\/span><\/div>\n\t\t<div class=\"counter-line\"><\/div>\n\t\t<h5>CLIENTES<\/h5>\t<\/div>\n\t\n[\/vc_column][vc_column width=&#8221;1\/4&#8243;]\t\n\t<div class=\"facts-wrap\">\n\t\t<div class=\"facts-wrap-num\"><span class=\"counter\">24<\/span><\/div>\n\t\t<div class=\"counter-line\"><\/div>\n\t\t<h5>ESTUDIOS<\/h5>\t<\/div>\n\t\n[\/vc_column][vc_column width=&#8221;1\/4&#8243;]\t\n\t<div class=\"facts-wrap\">\n\t\t<div class=\"facts-wrap-num\"><span class=\"counter\">525<\/span><\/div>\n\t\t<div class=\"counter-line\"><\/div>\n\t\t<h5>ALUMNOS<\/h5>\t<\/div>\n\t\n[\/vc_column][vc_column width=&#8221;1\/4&#8243;]\t\n\t<div class=\"facts-wrap\">\n\t\t<div class=\"facts-wrap-num\"><span class=\"counter\">33<\/span><\/div>\n\t\t<div class=\"counter-line\"><\/div>\n\t\t<h5>EVENTOS<\/h5>\t<\/div>\n\t\n[\/vc_column][\/vc_row]<\/p>\n","protected":false},"excerpt":{"rendered":"<p>[vc_row full_width=&#8221;yes&#8221; el_id=&#8221;home&#8221;][vc_column][\/vc_column][\/vc_row][vc_row css=&#8221;.vc_custom_1452877515411{padding-top: 60px !important;padding-bottom: 60px !important;}&#8221; el_id=&#8221;experiencia&#8221;][vc_column column_effect=&#8221;topmove&#8221; time=&#8221;1&#8243; distance=&#8221;150&#8243;][vc_empty_space height=&#8221;20px&#8221;][vc_empty_space][\/vc_column][\/vc_row][vc_row css=&#8221;.vc_custom_1447681814262{padding-top: 60px !important;padding-bottom: 60px !important;background-color: #ffffff !important;}&#8221;][vc_column column_effect=&#8221;topmove&#8221; time=&#8221;1&#8243; distance=&#8221;150&#8243;][vc_column_text el_class=&#8221;uper-text align-center&#8221; css=&#8221;.vc_custom_1456421439493{padding-top: 25px !important;padding-bottom: 30px !important;}&#8221;]DESCUBRE LAS PERSONAS QUE TRABAJAMOS PARA TI.[\/vc_column_text][\/vc_column][\/vc_row][vc_row][vc_column width=&#8221;1\/4&#8243;][\/vc_column][vc_column width=&#8221;1\/4&#8243;][\/vc_column][vc_column width=&#8221;1\/4&#8243;][\/vc_column][vc_column width=&#8221;1\/4&#8243;][\/vc_column][\/vc_row][vc_row][vc_column width=&#8221;1\/4&#8243;][\/vc_column][vc_column width=&#8221;1\/4&#8243;][\/vc_column][vc_column width=&#8221;1\/4&#8243;][\/vc_column][vc_column width=&#8221;1\/4&#8243;][\/vc_column][\/vc_row][vc_row parallax=&#8221;content-moving&#8221; parallax_image=&#8221;560&#8243; css=&#8221;.vc_custom_1447681904433{padding-top: 100px !important;padding-bottom: 100px !important;background-color: #ffffff !important;}&#8221; el_id=&#8221;facts&#8221;][vc_column width=&#8221;1\/4&#8243;][\/vc_column][vc_column [&hellip;]<\/p>\n","protected":false},"author":2,"featured_media":0,"parent":0,"menu_order":0,"comment_status":"closed","ping_status":"closed","template":"page-templates\/template-canvas.php","meta":{"footnotes":""},"class_list":["post-638","page","type-page","status-publish","hentry"],"_links":{"self":[{"href":"https:\/\/www.mksite.es\/index.php\/wp-json\/wp\/v2\/pages\/638","targetHints":{"allow":["GET"]}}],"collection":[{"href":"https:\/\/www.mksite.es\/index.php\/wp-json\/wp\/v2\/pages"}],"about":[{"href":"https:\/\/www.mksite.es\/index.php\/wp-json\/wp\/v2\/types\/page"}],"author":[{"embeddable":true,"href":"https:\/\/www.mksite.es\/index.php\/wp-json\/wp\/v2\/users\/2"}],"replies":[{"embeddable":true,"href":"https:\/\/www.mksite.es\/index.php\/wp-json\/wp\/v2\/comments?post=638"}],"version-history":[{"count":0,"href":"https:\/\/www.mksite.es\/index.php\/wp-json\/wp\/v2\/pages\/638\/revisions"}],"wp:attachment":[{"href":"https:\/\/www.mksite.es\/index.php\/wp-json\/wp\/v2\/media?parent=638"}],"curies":[{"name":"wp","href":"https:\/\/api.w.org\/{rel}","templated":true}]}}